{"id":11362,"date":"2019-04-25T13:18:14","date_gmt":"2019-04-25T13:18:14","guid":{"rendered":"https:\/\/k-rreraexpress.com\/nv2019\/?page_id=11362"},"modified":"2020-01-09T17:31:06","modified_gmt":"2020-01-09T17:31:06","slug":"servicios-especiales","status":"publish","type":"page","link":"https:\/\/k-rreraexpress.com\/index.php\/servicios-especiales\/","title":{"rendered":"Especiales"},"content":{"rendered":"\n<h4 class=\"has-text-align-center wp-block-heading\"><em> Distribuci\u00f3n para compa\u00f1\u00edas dedicadas a la venta por cat\u00e1logo. Servicios de consultor\u00eda y gesti\u00f3n. Transporte dedicado.<\/em><\/h4>\n\n\n\n<br>\n\n\n\n<div class=\"wp-block-columns is-layout-flex wp-container-core-columns-is-layout-1 wp-block-columns-is-layout-flex\">\n<div class=\"wp-block-column is-layout-flow wp-block-column-is-layout-flow\" style=\"flex-basis:42%\">\n<div class=\"wp-block-image\"><figure class=\"alignleft size-large\"><img loading=\"lazy\" decoding=\"async\" width=\"600\" height=\"400\" src=\"https:\/\/k-rreraexpress.com\/wp-content\/uploads\/Venta_por_catalogo.jpg\" alt=\"\" class=\"wp-image-11903\"\/><\/figure><\/div>\n\n\n\n<p><\/p>\n<\/div>\n\n\n\n<div class=\"wp-block-column is-layout-flow wp-block-column-is-layout-flow\" style=\"flex-basis:58%\">\n<h3 class=\"g-title titleBasico\">Distribuci\u00f3n de \u00faltima milla para compa\u00f1\u00edas dedicadas a la venta por cat\u00e1logo<\/h3>\n\n\n\n<p>La venta directa, se consolida mucho m\u00e1s como una opci\u00f3n creciente para un comercio tradicional que conserva la importancia de la interacci\u00f3n uno a uno requeridas en las ventas a trav\u00e9s de cat\u00e1logos.&nbsp; Este tipo de negocio impulsa una forma de generar ingresos para cualquier persona, por lo que promueve un aporte social de gran impacto. Es ah\u00ed cuando k-rrera Express se una a esta din\u00e1mica, con el prop\u00f3sito de garantiza que el \u00faltimo eslab\u00f3n de la cadena agregue un valor a este gran prop\u00f3sito.<\/p>\n\n\n\n<p>K-rrera Express Cuenta con 10 a\u00f1os de experiencia en el servicio a las mejores empresas de venta directa en el Pa\u00eds, siendo una de las empresas pioneras en especializarse en este modelo de distribuci\u00f3n. Hoy contamos con la distribuci\u00f3n de 8 de las mejores empresas del Pa\u00eds, las cuales avalan nuestra experiencia.<\/p>\n<\/div>\n<\/div>\n\n\n\n<hr class=\"wp-block-separator is-style-dots\"\/>\n\n\n\n<div class=\"wp-block-columns is-layout-flex wp-container-core-columns-is-layout-2 wp-block-columns-is-layout-flex\">\n<div class=\"wp-block-column is-layout-flow wp-block-column-is-layout-flow\" style=\"flex-basis:42%\">\n<div class=\"wp-block-image\"><figure class=\"alignleft size-large\"><img loading=\"lazy\" decoding=\"async\" width=\"600\" height=\"400\" src=\"https:\/\/k-rreraexpress.com\/wp-content\/uploads\/Consultoria_gestion.jpg\" alt=\"\" class=\"wp-image-11908\"\/><\/figure><\/div>\n\n\n\n<p><\/p>\n<\/div>\n\n\n\n<div class=\"wp-block-column is-layout-flow wp-block-column-is-layout-flow\" style=\"flex-basis:58%\">\n<br><h3 class=\"g-title titleBasico\">Servicios de consultor\u00eda y gesti\u00f3n<\/h3><br>\n\n\n\n<p>(Orientaci\u00f3n estrat\u00e9gica para optimizar el dise\u00f1o y rendimiento de la administraci\u00f3n de la cadena de suministro).<\/p>\n\n\n\n<p>Orientamos a empresas en desarrollo en la\nestructuraci\u00f3n empresarial clave para gestionar los procesos operativos de una\ncadena de abastecimiento, en nivel de servicio, y cumplimiento exitoso en tiempos\nde ciclo. <\/p>\n\n\n\n<p>Con nuestro acompa\u00f1amiento se obtiene un diagn\u00f3stico sobre el estado actual de su log\u00edstica, se Identifica las oportunidades de mejora en el uso de los recursos, fijar objetivos de hacia d\u00f3nde y de qu\u00e9 manera desarrollarse. Y se estructura objetivos estrat\u00e9gicos log\u00edsticos consistentes con las necesidades de sus clientes.<\/p>\n<\/div>\n<\/div>\n\n\n\n<hr class=\"wp-block-separator is-style-dots\"\/>\n\n\n\n<div class=\"wp-block-columns is-layout-flex wp-container-core-columns-is-layout-3 wp-block-columns-is-layout-flex\">\n<div class=\"wp-block-column is-layout-flow wp-block-column-is-layout-flow\" style=\"flex-basis:42%\">\n<div class=\"wp-block-image\"><figure class=\"alignleft size-large\"><img loading=\"lazy\" decoding=\"async\" width=\"600\" height=\"400\" src=\"https:\/\/k-rreraexpress.com\/wp-content\/uploads\/Transporte_dedicado.jpg\" alt=\"\" class=\"wp-image-11911\"\/><\/figure><\/div>\n\n\n\n<p><\/p>\n<\/div>\n\n\n\n<div class=\"wp-block-column is-layout-flow wp-block-column-is-layout-flow\" style=\"flex-basis:58%\">\n<br><h3 class=\"g-title titleBasico\">Transporte dedicado<\/h3><br>\n\n\n\n<p>Traslados de oficinas y negocios en general. Transporte de material para eventos. Traslados de centros de distribuci\u00f3n.<\/p>\n\n\n\n<p>Arrendamiento de flotas dedicadas para disposici\u00f3n de empresas. <\/p>\n<\/div>\n<\/div>\n","protected":false},"excerpt":{"rendered":"<p>Distribuci\u00f3n para compa\u00f1\u00edas dedicadas a la venta por cat\u00e1logo. Servicios de consultor\u00eda y gesti\u00f3n. Transporte dedicado. Distribuci\u00f3n de \u00faltima milla para compa\u00f1\u00edas dedicadas a la venta por cat\u00e1logo La venta directa, se consolida mucho m\u00e1s como una opci\u00f3n creciente para un comercio tradicional que conserva la importancia de la interacci\u00f3n uno a uno requeridas en [&hellip;]<\/p>\n","protected":false},"author":1,"featured_media":0,"parent":0,"menu_order":0,"comment_status":"closed","ping_status":"closed","template":"","meta":{"footnotes":""},"class_list":["post-11362","page","type-page","status-publish","hentry"],"_links":{"self":[{"href":"https:\/\/k-rreraexpress.com\/index.php\/wp-json\/wp\/v2\/pages\/11362","targetHints":{"allow":["GET"]}}],"collection":[{"href":"https:\/\/k-rreraexpress.com\/index.php\/wp-json\/wp\/v2\/pages"}],"about":[{"href":"https:\/\/k-rreraexpress.com\/index.php\/wp-json\/wp\/v2\/types\/page"}],"author":[{"embeddable":true,"href":"https:\/\/k-rreraexpress.com\/index.php\/wp-json\/wp\/v2\/users\/1"}],"replies":[{"embeddable":true,"href":"https:\/\/k-rreraexpress.com\/index.php\/wp-json\/wp\/v2\/comments?post=11362"}],"version-history":[{"count":32,"href":"https:\/\/k-rreraexpress.com\/index.php\/wp-json\/wp\/v2\/pages\/11362\/revisions"}],"predecessor-version":[{"id":11992,"href":"https:\/\/k-rreraexpress.com\/index.php\/wp-json\/wp\/v2\/pages\/11362\/revisions\/11992"}],"wp:attachment":[{"href":"https:\/\/k-rreraexpress.com\/index.php\/wp-json\/wp\/v2\/media?parent=11362"}],"curies":[{"name":"wp","href":"https:\/\/api.w.org\/{rel}","templated":true}]}}