{"id":11358,"date":"2019-04-25T13:17:06","date_gmt":"2019-04-25T13:17:06","guid":{"rendered":"https:\/\/k-rreraexpress.com\/nv2019\/?page_id=11358"},"modified":"2020-01-09T17:24:51","modified_gmt":"2020-01-09T17:24:51","slug":"transporte-de-carga-masiva","status":"publish","type":"page","link":"https:\/\/k-rreraexpress.com\/index.php\/transporte-de-carga-masiva\/","title":{"rendered":"Transporte de carga masiva"},"content":{"rendered":"\n<h4 class=\"has-text-align-center wp-block-heading\"><em> Especializada en el transporte terrestre, en cupos completos a un s\u00f3lo destinatario en todo el territorio nacional.<\/em><\/h4>\n\n\n\n<br>\n\n\n\n<div class=\"wp-block-columns is-layout-flex wp-container-core-columns-is-layout-1 wp-block-columns-is-layout-flex\">\n<div class=\"wp-block-column is-layout-flow wp-block-column-is-layout-flow\" style=\"flex-basis:42%\">\n<div class=\"wp-block-image\"><figure class=\"alignleft size-large\"><img loading=\"lazy\" decoding=\"async\" width=\"600\" height=\"400\" src=\"https:\/\/k-rreraexpress.com\/wp-content\/uploads\/Carga_masiva.jpg\" alt=\"\" class=\"wp-image-11901\"\/><\/figure><\/div>\n\n\n\n<p><\/p>\n<\/div>\n\n\n\n<div class=\"wp-block-column is-layout-flow wp-block-column-is-layout-flow\" style=\"flex-basis:58%\">\n<br><h3 class=\"g-title titleBasico\">Carga Masiva<\/h3><br>\n\n\n\n<p>Ofrecemos transporte de Carga Masiva, especializada en el servicio de transporte terrestre, en cupos completos a un s\u00f3lo destinatario en todo el territorio nacional.<\/p>\n\n\n\n<p>Nuestros tiempos de entrega var\u00edan de acuerdo con la ciudad de origen y destino entre 24 a 48 horas, con un seguimiento GPS constante para garantizar la seguridad de su mercanc\u00eda 24 horas al d\u00eda, 7 d\u00edas a la semana. <\/p>\n<\/div>\n<\/div>\n","protected":false},"excerpt":{"rendered":"<p>Especializada en el transporte terrestre, en cupos completos a un s\u00f3lo destinatario en todo el territorio nacional. Carga Masiva Ofrecemos transporte de Carga Masiva, especializada en el servicio de transporte terrestre, en cupos completos a un s\u00f3lo destinatario en todo el territorio nacional. Nuestros tiempos de entrega var\u00edan de acuerdo con la ciudad de origen [&hellip;]<\/p>\n","protected":false},"author":1,"featured_media":0,"parent":0,"menu_order":0,"comment_status":"closed","ping_status":"closed","template":"","meta":{"footnotes":""},"class_list":["post-11358","page","type-page","status-publish","hentry"],"_links":{"self":[{"href":"https:\/\/k-rreraexpress.com\/index.php\/wp-json\/wp\/v2\/pages\/11358","targetHints":{"allow":["GET"]}}],"collection":[{"href":"https:\/\/k-rreraexpress.com\/index.php\/wp-json\/wp\/v2\/pages"}],"about":[{"href":"https:\/\/k-rreraexpress.com\/index.php\/wp-json\/wp\/v2\/types\/page"}],"author":[{"embeddable":true,"href":"https:\/\/k-rreraexpress.com\/index.php\/wp-json\/wp\/v2\/users\/1"}],"replies":[{"embeddable":true,"href":"https:\/\/k-rreraexpress.com\/index.php\/wp-json\/wp\/v2\/comments?post=11358"}],"version-history":[{"count":12,"href":"https:\/\/k-rreraexpress.com\/index.php\/wp-json\/wp\/v2\/pages\/11358\/revisions"}],"predecessor-version":[{"id":11988,"href":"https:\/\/k-rreraexpress.com\/index.php\/wp-json\/wp\/v2\/pages\/11358\/revisions\/11988"}],"wp:attachment":[{"href":"https:\/\/k-rreraexpress.com\/index.php\/wp-json\/wp\/v2\/media?parent=11358"}],"curies":[{"name":"wp","href":"https:\/\/api.w.org\/{rel}","templated":true}]}}