{"id":11356,"date":"2019-04-25T13:16:44","date_gmt":"2019-04-25T13:16:44","guid":{"rendered":"https:\/\/k-rreraexpress.com\/nv2019\/?page_id=11356"},"modified":"2020-01-09T16:44:23","modified_gmt":"2020-01-09T16:44:23","slug":"transporte-y-distribucion-de-documentos-y-paquetes","status":"publish","type":"page","link":"https:\/\/k-rreraexpress.com\/index.php\/transporte-y-distribucion-de-documentos-y-paquetes\/","title":{"rendered":"Transporte y distribuci\u00f3n de documentos y paquetes"},"content":{"rendered":"\n<h4 class=\"has-text-align-center wp-block-heading\"><em>Recogemos, transportamos y distribuimos tus Documentos y Paquetes. Con excelentes tiempos de entrega.  <\/em><\/h4>\n\n\n\n<br>\n\n\n\n<div class=\"wp-block-columns is-layout-flex wp-container-core-columns-is-layout-1 wp-block-columns-is-layout-flex\">\n<div class=\"wp-block-column is-layout-flow wp-block-column-is-layout-flow\" style=\"flex-basis:42%\">\n<div class=\"wp-block-image\"><figure class=\"alignleft size-large\"><img loading=\"lazy\" decoding=\"async\" width=\"600\" height=\"400\" src=\"https:\/\/k-rreraexpress.com\/wp-content\/uploads\/Documentos.jpg\" alt=\"\" class=\"wp-image-11755\"\/><\/figure><\/div>\n\n\n\n<p><\/p>\n<\/div>\n\n\n\n<div class=\"wp-block-column is-layout-flow wp-block-column-is-layout-flow\" style=\"flex-basis:58%\">\n<br><h3 class=\"g-title titleBasico\">  Documentos  <\/h3><br>\n\n\n\n<p>Te ofrecemos el servicio de entrega de documentos unitarios. Recogemos, transportamos y entregamos tus documentos puerta a puerta desde tu empresa hasta su destino. <\/p>\n\n\n\n<p>Nos encargamos de la entrega de documentos como revistas, peri\u00f3dicos, env\u00edos publicitarios, material de conferencia, cat\u00e1logos y mucho m\u00e1s. <\/p>\n\n\n\n<p>En nosotros tienes un aliado que apoya a tu organizaci\u00f3n en el transporte y entrega oportuna de tu mensajer\u00eda.<\/p>\n<\/div>\n<\/div>\n\n\n\n<hr class=\"wp-block-separator is-style-dots\"\/>\n\n\n\n<div class=\"wp-block-columns is-layout-flex wp-container-core-columns-is-layout-2 wp-block-columns-is-layout-flex\">\n<div class=\"wp-block-column is-layout-flow wp-block-column-is-layout-flow\" style=\"flex-basis:42%\">\n<div class=\"wp-block-image\"><figure class=\"alignleft size-large\"><img loading=\"lazy\" decoding=\"async\" width=\"600\" height=\"400\" src=\"https:\/\/k-rreraexpress.com\/wp-content\/uploads\/Paquetes.jpg\" alt=\"\" class=\"wp-image-11754\"\/><\/figure><\/div>\n<\/div>\n\n\n\n<div class=\"wp-block-column is-layout-flow wp-block-column-is-layout-flow\" style=\"flex-basis:58%\">\n<br><h3 class=\"g-title titleBasico\">Paquetes<\/h3><br>\n\n\n\n<p>Recogemos, transportamos y distribuimos sus paquetes con excelentes tiempos de entrega.<\/p>\n\n\n\n<p>Nuestra experiencia nos permite ofrecerle un cubrimiento nacional, regional, urbano, municipal y en destinos especiales como poblaciones y veredas de dif\u00edcil acceso.<\/p>\n\n\n\n<p>Nos caracterizamos por respetar los compromisos de entrega, en los tiempos y condiciones acordadas con nuestros clientes.<\/p>\n\n\n\n<p>Garantizamos un transporte seguro de mercanc\u00edas y una distribuci\u00f3n eficiente.<\/p>\n<\/div>\n<\/div>\n\n\n\n<p><\/p>\n","protected":false},"excerpt":{"rendered":"<p>Recogemos, transportamos y distribuimos tus Documentos y Paquetes. Con excelentes tiempos de entrega. Documentos Te ofrecemos el servicio de entrega de documentos unitarios. Recogemos, transportamos y entregamos tus documentos puerta a puerta desde tu empresa hasta su destino. Nos encargamos de la entrega de documentos como revistas, peri\u00f3dicos, env\u00edos publicitarios, material de conferencia, cat\u00e1logos y [&hellip;]<\/p>\n","protected":false},"author":1,"featured_media":0,"parent":0,"menu_order":0,"comment_status":"closed","ping_status":"closed","template":"","meta":{"footnotes":""},"class_list":["post-11356","page","type-page","status-publish","hentry"],"_links":{"self":[{"href":"https:\/\/k-rreraexpress.com\/index.php\/wp-json\/wp\/v2\/pages\/11356","targetHints":{"allow":["GET"]}}],"collection":[{"href":"https:\/\/k-rreraexpress.com\/index.php\/wp-json\/wp\/v2\/pages"}],"about":[{"href":"https:\/\/k-rreraexpress.com\/index.php\/wp-json\/wp\/v2\/types\/page"}],"author":[{"embeddable":true,"href":"https:\/\/k-rreraexpress.com\/index.php\/wp-json\/wp\/v2\/users\/1"}],"replies":[{"embeddable":true,"href":"https:\/\/k-rreraexpress.com\/index.php\/wp-json\/wp\/v2\/comments?post=11356"}],"version-history":[{"count":111,"href":"https:\/\/k-rreraexpress.com\/index.php\/wp-json\/wp\/v2\/pages\/11356\/revisions"}],"predecessor-version":[{"id":11984,"href":"https:\/\/k-rreraexpress.com\/index.php\/wp-json\/wp\/v2\/pages\/11356\/revisions\/11984"}],"wp:attachment":[{"href":"https:\/\/k-rreraexpress.com\/index.php\/wp-json\/wp\/v2\/media?parent=11356"}],"curies":[{"name":"wp","href":"https:\/\/api.w.org\/{rel}","templated":true}]}}