{"id":11351,"date":"2019-04-25T13:14:57","date_gmt":"2019-04-25T13:14:57","guid":{"rendered":"https:\/\/k-rreraexpress.com\/nv2019\/?page_id=11351"},"modified":"2022-09-20T17:34:53","modified_gmt":"2022-09-20T17:34:53","slug":"certificaciones","status":"publish","type":"page","link":"https:\/\/k-rreraexpress.com\/index.php\/certificaciones\/","title":{"rendered":"Certificaciones"},"content":{"rendered":"\n<div class=\"wp-block-columns is-layout-flex wp-container-core-columns-is-layout-1 wp-block-columns-is-layout-flex\">\n<div class=\"wp-block-column is-layout-flow wp-block-column-is-layout-flow\" style=\"flex-basis:42%\">\n<figure class=\"wp-block-gallery aligncenter columns-1 is-cropped wp-block-gallery-1 is-layout-flex wp-block-gallery-is-layout-flex\"><ul class=\"blocks-gallery-grid\"><li class=\"blocks-gallery-item\"><figure><img loading=\"lazy\" decoding=\"async\" width=\"1902\" height=\"2560\" src=\"https:\/\/k-rreraexpress.com\/wp-content\/uploads\/diplo-basc-1-1-scaled.jpg\" alt=\"\" data-id=\"12061\" data-full-url=\"https:\/\/k-rreraexpress.com\/wp-content\/uploads\/diplo-basc-1-1-scaled.jpg\" data-link=\"https:\/\/k-rreraexpress.com\/index.php\/certificaciones\/diplo-basc-1-1\/\" class=\"wp-image-12061\" srcset=\"https:\/\/k-rreraexpress.com\/wp-content\/uploads\/diplo-basc-1-1-scaled.jpg 1902w, https:\/\/k-rreraexpress.com\/wp-content\/uploads\/diplo-basc-1-1-768x1033.jpg 768w, https:\/\/k-rreraexpress.com\/wp-content\/uploads\/diplo-basc-1-1-1141x1536.jpg 1141w, https:\/\/k-rreraexpress.com\/wp-content\/uploads\/diplo-basc-1-1-1522x2048.jpg 1522w\" sizes=\"auto, (max-width: 1902px) 100vw, 1902px\" \/><\/figure><\/li><\/ul><\/figure>\n\n\n\n<p><\/p>\n<\/div>\n\n\n\n<div class=\"wp-block-column is-layout-flow wp-block-column-is-layout-flow\" style=\"flex-basis:58%\">\n<br>\n<h3 class=\"g-title titleBasico\">Certificaciones<\/h3>\n\n\n\n<p><strong>K-rrera Express<\/strong> es miembro consolidado como empresa certificada <strong>BASC<\/strong>, lo cual hace que su labor adquiera un reconocimiento <strong>internacional <\/strong>al pertenecer a World BASC Organization (WBO) y sus cap\u00edtulos asociados, obteniendo una diferenciaci\u00f3n al desarrollar actividades basadas en el Sistema de Gesti\u00f3n en Control y Seguridad (<strong>SGCS<\/strong>). <\/p>\n\n\n\n<p>Gracias a esta <strong>certificaci\u00f3n<\/strong>, se cuenta con alta disponibilidad de equipos de auditores internacionales competentes para la implementaci\u00f3n y revisi\u00f3n del SGCS BASC, de lo que se adquiere capacitaci\u00f3n continua mediante sus cursos de <strong>formaci\u00f3n <\/strong>especializados en temas relacionados a la seguridad en el ejercicio del transporte. <\/p>\n\n\n\n<p>Obteniendo de esto, una disminuci\u00f3n de costos y riesgos derivados del aseguramiento de sus procesos con el control y <strong>estandarizaci\u00f3n <\/strong>de los mismo, garantizando la transferencia de conocimiento y <strong>experiencia <\/strong>en Seguridad de la Cadena de Suministro.  <\/p>\n<\/div>\n<\/div>\n\n\n\n<br>\n\n\n\n<figure class=\"wp-block-image size-large\"><img loading=\"lazy\" decoding=\"async\" width=\"1883\" height=\"1160\" src=\"https:\/\/k-rreraexpress.com\/wp-content\/uploads\/CERTIFICADO-BASC-1-1-1.png\" alt=\"\" class=\"wp-image-12062\" srcset=\"https:\/\/k-rreraexpress.com\/wp-content\/uploads\/CERTIFICADO-BASC-1-1-1.png 1883w, https:\/\/k-rreraexpress.com\/wp-content\/uploads\/CERTIFICADO-BASC-1-1-1-768x473.png 768w, https:\/\/k-rreraexpress.com\/wp-content\/uploads\/CERTIFICADO-BASC-1-1-1-1536x946.png 1536w\" sizes=\"auto, (max-width: 1883px) 100vw, 1883px\" \/><\/figure>\n","protected":false},"excerpt":{"rendered":"<p>Certificaciones K-rrera Express es miembro consolidado como empresa certificada BASC, lo cual hace que su labor adquiera un reconocimiento internacional al pertenecer a World BASC Organization (WBO) y sus cap\u00edtulos asociados, obteniendo una diferenciaci\u00f3n al desarrollar actividades basadas en el Sistema de Gesti\u00f3n en Control y Seguridad (SGCS). Gracias a esta certificaci\u00f3n, se cuenta con [&hellip;]<\/p>\n","protected":false},"author":1,"featured_media":0,"parent":0,"menu_order":0,"comment_status":"closed","ping_status":"closed","template":"","meta":{"footnotes":""},"class_list":["post-11351","page","type-page","status-publish","hentry"],"_links":{"self":[{"href":"https:\/\/k-rreraexpress.com\/index.php\/wp-json\/wp\/v2\/pages\/11351","targetHints":{"allow":["GET"]}}],"collection":[{"href":"https:\/\/k-rreraexpress.com\/index.php\/wp-json\/wp\/v2\/pages"}],"about":[{"href":"https:\/\/k-rreraexpress.com\/index.php\/wp-json\/wp\/v2\/types\/page"}],"author":[{"embeddable":true,"href":"https:\/\/k-rreraexpress.com\/index.php\/wp-json\/wp\/v2\/users\/1"}],"replies":[{"embeddable":true,"href":"https:\/\/k-rreraexpress.com\/index.php\/wp-json\/wp\/v2\/comments?post=11351"}],"version-history":[{"count":29,"href":"https:\/\/k-rreraexpress.com\/index.php\/wp-json\/wp\/v2\/pages\/11351\/revisions"}],"predecessor-version":[{"id":12063,"href":"https:\/\/k-rreraexpress.com\/index.php\/wp-json\/wp\/v2\/pages\/11351\/revisions\/12063"}],"wp:attachment":[{"href":"https:\/\/k-rreraexpress.com\/index.php\/wp-json\/wp\/v2\/media?parent=11351"}],"curies":[{"name":"wp","href":"https:\/\/api.w.org\/{rel}","templated":true}]}}