{"id":11343,"date":"2019-04-25T13:08:21","date_gmt":"2019-04-25T13:08:21","guid":{"rendered":"https:\/\/k-rreraexpress.com\/nv2019\/?page_id=11343"},"modified":"2022-09-19T18:13:15","modified_gmt":"2022-09-19T18:13:15","slug":"mision-vision-politicas","status":"publish","type":"page","link":"https:\/\/k-rreraexpress.com\/index.php\/mision-vision-politicas\/","title":{"rendered":"Misi\u00f3n, visi\u00f3n y valores"},"content":{"rendered":"\n<div class=\"wp-block-columns is-layout-flex wp-container-core-columns-is-layout-1 wp-block-columns-is-layout-flex\">\n<div class=\"wp-block-column is-layout-flow wp-block-column-is-layout-flow\">\n<h3 class=\"g-title titleBasico\">Nuestra Misi\u00f3n<\/h3>\n\n\n\n<p>Nuestra MISI\u00d3N se fundamenta en el inalterable convencimiento de proporcionar un servicio de transporte de carga, a nivel nacional, SEGURO, EFECTIVO, CONFIABLE Y RESPONSABLE, en la recepci\u00f3n, log\u00edstica, conservaci\u00f3n, operaci\u00f3n, distribuci\u00f3n y entrega de sus bienes; comprometiendo todos nuestros Recursos: Humanos, intelectuales y f\u00edsicos para ofrecer la mas profesional soluci\u00f3n a sus necesidades de transporte terrestre de carga.  <\/p>\n\n\n\n<h3 class=\"g-title titleBasico\">Nuestra Visi\u00f3n<\/h3>\n\n\n\n<p>Ser reconocidos para el 2023 en el mercado nacional como una de las mejores empresas prestadoras de servicios de transporte terrestre, log\u00edstica y distribuci\u00f3n de carga. Obteniendo nuestro posicionamiento mediante la innovaci\u00f3n constante, el soporte tecnol\u00f3gico, el cumplimiento y la calidad de nuestros procesos y servicios.<\/p>\n<\/div>\n\n\n\n<div class=\"wp-block-column is-layout-flow wp-block-column-is-layout-flow\">\n<figure class=\"wp-block-embed-youtube wp-block-embed is-type-video is-provider-youtube wp-embed-aspect-16-9 wp-has-aspect-ratio\"><div class=\"wp-block-embed__wrapper\">\n<iframe loading=\"lazy\" title=\"K-RRERA EXPRESS. Innovaci\u00f3n constante, cumplimiento y la calidad.\" width=\"500\" height=\"281\" src=\"https:\/\/www.youtube.com\/embed\/Hi_qc67Ybuo?feature=oembed\" frameborder=\"0\" allow=\"accelerometer; autoplay; clipboard-write; encrypted-media; gyroscope; picture-in-picture; web-share\" referrerpolicy=\"strict-origin-when-cross-origin\" allowfullscreen><\/iframe>\n<\/div><\/figure>\n<\/div>\n<\/div>\n\n\n\n<hr class=\"wp-block-separator is-style-dots\"\/>\n\n\n\n<h3 class=\"g-title titleBasico\">Nuestros Valores<\/h3>\n<br><br>\n\n\n<div class=\"carousel-slider-outer carousel-slider-outer-image-carousel carousel-slider-outer-11608\" style=\"--carousel-slider-nav-color:#f1f1f1;--carousel-slider-active-nav-color:#00d1b2;--carousel-slider-arrow-size:48px;--carousel-slider-bullet-size:10px\">\n<div id=\"&#039;id-11608\" class=\"carousel-slider carousel-slider-11608 arrows-visibility-never dots-visibility-never arrows-outside dots-center dots-square owl-carousel\" data-slide-type=\"image-carousel\" data-owl-settings='{\"nav\":false,\"dots\":false,\"slideBy\":1,\"stagePadding\":0,\"margin\":8,\"loop\":false,\"lazyLoad\":true,\"autoplay\":true,\"autoplayTimeout\":5000,\"autoplaySpeed\":800,\"autoplayHoverPause\":true,\"autoWidth\":false,\"responsive\":{\"300\":{\"items\":1},\"576\":{\"items\":2},\"768\":{\"items\":2},\"1024\":{\"items\":3},\"1280\":{\"items\":4},\"1536\":{\"items\":5}}}'>\n<div class=\"carousel-slider__item\">\n\t<img class=\"owl-lazy\" data-src=\"https:\/\/k-rreraexpress.com\/wp-content\/uploads\/legalidad.jpg\" alt=\"\"><\/a><\/div>\n\n<div class=\"carousel-slider__item\">\n\t<img class=\"owl-lazy\" data-src=\"https:\/\/k-rreraexpress.com\/wp-content\/uploads\/honestidad.jpg\" alt=\"\"><\/a><\/div>\n\n<div class=\"carousel-slider__item\">\n\t<img class=\"owl-lazy\" data-src=\"https:\/\/k-rreraexpress.com\/wp-content\/uploads\/respeto.jpg\" alt=\"\"><\/a><\/div>\n\n<div class=\"carousel-slider__item\">\n\t<img class=\"owl-lazy\" data-src=\"https:\/\/k-rreraexpress.com\/wp-content\/uploads\/cumplimiento.jpg\" alt=\"\"><\/a><\/div>\n\n<div class=\"carousel-slider__item\">\n\t<img class=\"owl-lazy\" data-src=\"https:\/\/k-rreraexpress.com\/wp-content\/uploads\/responsabilidad.jpg\" alt=\"\"><\/a><\/div>\n\n<div class=\"carousel-slider__item\">\n\t<img class=\"owl-lazy\" data-src=\"https:\/\/k-rreraexpress.com\/wp-content\/uploads\/calidez.jpg\" alt=\"\"><\/a><\/div>\n\n<div class=\"carousel-slider__item\">\n\t<img class=\"owl-lazy\" data-src=\"https:\/\/k-rreraexpress.com\/wp-content\/uploads\/efectividad.jpg\" alt=\"\"><\/a><\/div>\n\n<\/div><!-- .carousel-slider-11608 -->\n<\/div><!-- .carousel-slider-outer-11608 -->\n\n","protected":false},"excerpt":{"rendered":"<p>Nuestra Misi\u00f3n Nuestra MISI\u00d3N se fundamenta en el inalterable convencimiento de proporcionar un servicio de transporte de carga, a nivel nacional, SEGURO, EFECTIVO, CONFIABLE Y RESPONSABLE, en la recepci\u00f3n, log\u00edstica, conservaci\u00f3n, operaci\u00f3n, distribuci\u00f3n y entrega de sus bienes; comprometiendo todos nuestros Recursos: Humanos, intelectuales y f\u00edsicos para ofrecer la mas profesional soluci\u00f3n a sus necesidades [&hellip;]<\/p>\n","protected":false},"author":1,"featured_media":0,"parent":0,"menu_order":0,"comment_status":"closed","ping_status":"closed","template":"","meta":{"footnotes":""},"class_list":["post-11343","page","type-page","status-publish","hentry"],"_links":{"self":[{"href":"https:\/\/k-rreraexpress.com\/index.php\/wp-json\/wp\/v2\/pages\/11343","targetHints":{"allow":["GET"]}}],"collection":[{"href":"https:\/\/k-rreraexpress.com\/index.php\/wp-json\/wp\/v2\/pages"}],"about":[{"href":"https:\/\/k-rreraexpress.com\/index.php\/wp-json\/wp\/v2\/types\/page"}],"author":[{"embeddable":true,"href":"https:\/\/k-rreraexpress.com\/index.php\/wp-json\/wp\/v2\/users\/1"}],"replies":[{"embeddable":true,"href":"https:\/\/k-rreraexpress.com\/index.php\/wp-json\/wp\/v2\/comments?post=11343"}],"version-history":[{"count":22,"href":"https:\/\/k-rreraexpress.com\/index.php\/wp-json\/wp\/v2\/pages\/11343\/revisions"}],"predecessor-version":[{"id":11994,"href":"https:\/\/k-rreraexpress.com\/index.php\/wp-json\/wp\/v2\/pages\/11343\/revisions\/11994"}],"wp:attachment":[{"href":"https:\/\/k-rreraexpress.com\/index.php\/wp-json\/wp\/v2\/media?parent=11343"}],"curies":[{"name":"wp","href":"https:\/\/api.w.org\/{rel}","templated":true}]}}