{"id":11341,"date":"2019-04-25T13:06:18","date_gmt":"2019-04-25T13:06:18","guid":{"rendered":"https:\/\/k-rreraexpress.com\/nv2019\/?page_id=11341"},"modified":"2019-12-03T15:52:17","modified_gmt":"2019-12-03T15:52:17","slug":"presentacion","status":"publish","type":"page","link":"https:\/\/k-rreraexpress.com\/index.php\/presentacion\/","title":{"rendered":"Presentaci\u00f3n Empresarial"},"content":{"rendered":"\n<h3 class=\"g-title titleBasico\">Nuestros Inicios<\/h3>\n\n\n\n<p><strong>K-rrera Express<\/strong> nace en 1991 de la mano de su fundador Edgar Herrera Arango, quien, siendo estudiante universitario dedicaba su tiempo fuera de la academia a iniciarse en las operaciones de <strong>distribuci\u00f3n<\/strong>, siendo esta la oportunidad para encontrar su pasi\u00f3n en el mundo de la <strong>log\u00edstica<\/strong>. En el transcurrir del tiempo y poco a poco, este antioque\u00f1o visionario consolid\u00f3 en el a\u00f1o 2008 a K-rrera express, formalizando el crecimiento de una organizaci\u00f3n que, en 11 a\u00f1os, ha sido gestora de experiencias memorables a grandes empresas del pa\u00eds.<\/p>\n\n\n\n<p>La constituci\u00f3n estructural de K-rrera Express, en funci\u00f3n de alcanzar su <strong>disciplina <\/strong>de valor en la excelencia operativa, inici\u00f3 el proceso de certificaci\u00f3n ante el ministerio de <strong>transporte <\/strong>y en el a\u00f1o 2009 recibi\u00f3 su habilitaci\u00f3n como operador de transporte en la modalidad de carga y su raz\u00f3n social evoluciona a K-rrera Express Log\u00edstica S.A, dicho cambio abri\u00f3 muchas puertas de lo que son a hoy sus mejores aliados.<\/p>\n\n\n\n<p>Pensando en la mejora continua K-rrera Express comienza su proceso de <strong>certificaci\u00f3n <\/strong>ISO 90001 y su aprobaci\u00f3n de <strong>est\u00e1ndares <\/strong>internacionales por medio de la certificaci\u00f3n BASC en el a\u00f1o 2012 y que, gracias a esto y a el arduo trabajo directivo, K-rrera Express ampl\u00eda su portafolio de <strong>servicios <\/strong>en la modalidad de Paqueter\u00eda, Carga Masivas y transporte dedicado a nivel urbano, departamental y nacional.<\/p>\n\n\n\n<hr class=\"wp-block-separator is-style-dots\"\/>\n\n\n\n<div class=\"wp-block-columns has-2-columns is-layout-flex wp-container-core-columns-is-layout-1 wp-block-columns-is-layout-flex\">\n<div class=\"wp-block-column is-layout-flow wp-block-column-is-layout-flow\">\n<h3 class=\"g-title titleBasico\">En la Actualidad<\/h3>\n\n\n\n<p>Actualmente, dicha evoluci\u00f3n ha consolidado a K-rrera Express Log\u00edstica S.A.S como una de las empresas m\u00e1s <strong>competitivas <\/strong>en su sector, con una operaci\u00f3n nacional que es dirigida desde el municipio de Sabaneta-Antioquia como su centro de operaci\u00f3n global, contando con equipos multidisciplinarios e id\u00f3neos, altamente <strong>calificados <\/strong>en todas las \u00e1reas de la logistica, alineados a prestar un gran servicio al cliente, con alto cumplimiento de las norma y pol\u00edticas de <strong>calidad <\/strong>y <strong>seguridad<\/strong>. <\/p>\n<\/div>\n\n\n\n<div class=\"wp-block-column is-layout-flow wp-block-column-is-layout-flow\">\n<figure class=\"wp-block-embed-youtube wp-block-embed is-type-video is-provider-youtube wp-embed-aspect-16-9 wp-has-aspect-ratio\"><div class=\"wp-block-embed__wrapper\">\n<iframe loading=\"lazy\" title=\"K-RRERA EXPRESS. Servicio log\u00edstico a nivel nacional\" width=\"500\" height=\"281\" src=\"https:\/\/www.youtube.com\/embed\/L7SZYHgsQzg?feature=oembed\" frameborder=\"0\" allow=\"accelerometer; autoplay; clipboard-write; encrypted-media; gyroscope; picture-in-picture; web-share\" referrerpolicy=\"strict-origin-when-cross-origin\" allowfullscreen><\/iframe>\n<\/div><\/figure>\n<\/div>\n<\/div>\n\n\n\n<p><\/p>\n","protected":false},"excerpt":{"rendered":"<p>Nuestros Inicios K-rrera Express nace en 1991 de la mano de su fundador Edgar Herrera Arango, quien, siendo estudiante universitario dedicaba su tiempo fuera de la academia a iniciarse en las operaciones de distribuci\u00f3n, siendo esta la oportunidad para encontrar su pasi\u00f3n en el mundo de la log\u00edstica. En el transcurrir del tiempo y poco [&hellip;]<\/p>\n","protected":false},"author":1,"featured_media":0,"parent":0,"menu_order":0,"comment_status":"closed","ping_status":"closed","template":"","meta":{"footnotes":""},"class_list":["post-11341","page","type-page","status-publish","hentry"],"_links":{"self":[{"href":"https:\/\/k-rreraexpress.com\/index.php\/wp-json\/wp\/v2\/pages\/11341","targetHints":{"allow":["GET"]}}],"collection":[{"href":"https:\/\/k-rreraexpress.com\/index.php\/wp-json\/wp\/v2\/pages"}],"about":[{"href":"https:\/\/k-rreraexpress.com\/index.php\/wp-json\/wp\/v2\/types\/page"}],"author":[{"embeddable":true,"href":"https:\/\/k-rreraexpress.com\/index.php\/wp-json\/wp\/v2\/users\/1"}],"replies":[{"embeddable":true,"href":"https:\/\/k-rreraexpress.com\/index.php\/wp-json\/wp\/v2\/comments?post=11341"}],"version-history":[{"count":32,"href":"https:\/\/k-rreraexpress.com\/index.php\/wp-json\/wp\/v2\/pages\/11341\/revisions"}],"predecessor-version":[{"id":11713,"href":"https:\/\/k-rreraexpress.com\/index.php\/wp-json\/wp\/v2\/pages\/11341\/revisions\/11713"}],"wp:attachment":[{"href":"https:\/\/k-rreraexpress.com\/index.php\/wp-json\/wp\/v2\/media?parent=11341"}],"curies":[{"name":"wp","href":"https:\/\/api.w.org\/{rel}","templated":true}]}}